{"id":926,"date":"2018-05-17T13:49:59","date_gmt":"2018-05-17T17:49:59","guid":{"rendered":"http:\/\/lavoiedesign.ca\/?page_id=926"},"modified":"2021-03-24T13:38:05","modified_gmt":"2021-03-24T17:38:05","slug":"a-propos","status":"publish","type":"page","link":"https:\/\/lavoiedesign.ca\/fr\/a-propos\/","title":{"rendered":"\u00c0 propos"},"content":{"rendered":"<p><img loading=\"lazy\" decoding=\"async\" class=\"alignright wp-image-135\" src=\"https:\/\/lavoiedesign.ca\/content\/user_files\/2014\/11\/OFFICE-BUILDING-FOR-ABOUT-US-300x254.jpg\" alt=\"\" width=\"400\" height=\"339\" srcset=\"https:\/\/lavoiedesign.ca\/wp-content\/user_files\/2014\/11\/OFFICE-BUILDING-FOR-ABOUT-US-300x254.jpg 300w, https:\/\/lavoiedesign.ca\/wp-content\/user_files\/2014\/11\/OFFICE-BUILDING-FOR-ABOUT-US-154x130.jpg 154w, https:\/\/lavoiedesign.ca\/wp-content\/user_files\/2014\/11\/OFFICE-BUILDING-FOR-ABOUT-US-200x169.jpg 200w, https:\/\/lavoiedesign.ca\/wp-content\/user_files\/2014\/11\/OFFICE-BUILDING-FOR-ABOUT-US.jpg 612w\" sizes=\"auto, (max-width: 400px) 100vw, 400px\" \/>Luc Lavoie, Designer Architectural Enregistr\u00e9 N.I.C.B., fonda l\u2019entreprise en 1992. Depuis, l\u2019entreprise n\u2019a cess\u00e9 de prendre de l\u2019ampleur et elle compte maintenant une \u00e9quipe compl\u00e8te de designer pour r\u00e9pondre \u00e0 la demande grandissante pour nos services. Notre firme r\u00e9pond \u00e0 toutes les exigences requises et elle poss\u00e8de son num\u00e9ro d\u2019identification aux fins du Code du b\u00e2timent (NICB) de l\u2019Ontario.<\/p>\n<p>Une planification efficace est indispensable pour tout projet d\u2019architecture.\u00a0 Notre travail consiste \u00e0 conceptualiser vos id\u00e9es. Vous souhaitez faire construire quelque chose de pratico-pratique? Ou bien vous avez toujours r\u00eav\u00e9 d\u2019un petit coin de paradis juste pour vous? Nous sommes l\u00e0 pour vous aider \u00e0 transformer VOTRE r\u00eave en r\u00e9alit\u00e9. Les possibilit\u00e9s illimit\u00e9es de l\u2019architecture nous poussent continuellement \u00e0 \u00e9largir la port\u00e9e des services destin\u00e9s \u00e0 notre client\u00e8le.<\/p>\n<p>Avant d\u2019entreprendre un projet de construction dans une ville ou dans une municipalit\u00e9, nous v\u00e9rifions les renseignements relatifs aux zonages, ainsi que les r\u00e8glements qui s\u2019appliquent au terrain. Notre firme propose toute une gamme de services personnalis\u00e9s pour chaque client en mettant exp\u00e9rience, innovation et cr\u00e9ativit\u00e9 \u00e0 votre service. Les principaux services offerts par notre \u00e9quipe sont :<\/p>\n<ul>\n<li>Maisons construites sur mesure (plans de maison)<\/li>\n<li>Plans de r\u00e9novations et agrandissements<\/li>\n<li>Petits immeubles commerciaux et logements multifamiliaux<\/li>\n<li>B\u00e2timents et structures accessoires<\/li>\n<li>Appartement interg\u00e9n\u00e9rationnel et logement secondaire attenant<\/li>\n<li>3D et concept<\/li>\n<\/ul>\n<p>Le travail de nos professionnels est bien connu et appr\u00e9ci\u00e9 dans le domaine de la construction. Nous d\u00e9ployons tous nos efforts afin d\u2019offrir un service de premier ordre \u00e0 notre client\u00e8le. L\u2019option de consultations de jour ou de soir est \u00e0 votre disposition. Nous sommes \u00e0 l\u2019\u00e9coute de nos clients et nous travaillons avec eux pour d\u00e9velopper des concepts de qualit\u00e9 leur permettant de visualiser leur r\u00eave. Nous offrons les moyens suivants pour visionner les concepts :<\/p>\n<ul>\n<li>Mod\u00e9lisation 3D &#8211; Vue ext\u00e9rieure<\/li>\n<li>Mod\u00e9lisation 3D &#8211; Vue int\u00e9rieure<\/li>\n<li>Plans de planchers<\/li>\n<li>Vue en \u00e9l\u00e9vation &#8211; 2D<\/li>\n<li>Vue en \u00e9l\u00e9vation &#8211; couleurs<\/li>\n<li>et plus encore&#8230;<\/li>\n<\/ul>\n<p>La qualit\u00e9 de nos plans est reconnue au sein de l\u2019industrie. Voici ce que peut comprendre un montage standard de plans finaux :<\/p>\n<ul>\n<li>Vue en \u00e9l\u00e9vation<\/li>\n<li>Plan de fondation<\/li>\n<li>Plans des planchers<\/li>\n<li>Plan du toit<\/li>\n<li>Liste des ouvertures &#8211; portes et fen\u00eatres<\/li>\n<li>Notes \/ Sp\u00e9cifications \/ D\u00e9tails<\/li>\n<li>Vues en coupe<\/li>\n<\/ul>\n","protected":false},"excerpt":{"rendered":"<p>Luc Lavoie, Designer Architectural Enregistr\u00e9 N.I.C.B., fonda l\u2019entreprise en 1992. Depuis, l\u2019entreprise n\u2019a cess\u00e9 de prendre de l\u2019ampleur et elle compte maintenant une \u00e9quipe compl\u00e8te de designer pour r\u00e9pondre \u00e0 la demande grandissante pour nos services. Notre firme r\u00e9pond \u00e0 toutes les exigences requises et elle poss\u00e8de son num\u00e9ro d\u2019identification aux fins du Code du [&hellip;]<\/p>\n","protected":false},"author":1,"featured_media":0,"parent":0,"menu_order":0,"comment_status":"closed","ping_status":"closed","template":"page-fullwidth.php","meta":{"footnotes":""},"class_list":["post-926","page","type-page","status-publish","hentry"],"yoast_head":"<!-- This site is optimized with the Yoast SEO plugin v27.5 - https:\/\/yoast.com\/product\/yoast-seo-wordpress\/ -->\n<title>\u00c0 propos - Luc Lavoie Design<\/title>\n<meta name=\"robots\" content=\"index, follow, max-snippet:-1, max-image-preview:large, max-video-preview:-1\" \/>\n<link rel=\"canonical\" href=\"https:\/\/lavoiedesign.ca\/fr\/a-propos\/\" \/>\n<meta property=\"og:locale\" content=\"fr_FR\" \/>\n<meta property=\"og:type\" content=\"article\" \/>\n<meta property=\"og:title\" content=\"\u00c0 propos - Luc Lavoie Design\" \/>\n<meta property=\"og:description\" content=\"Luc Lavoie, Designer Architectural Enregistr\u00e9 N.I.C.B., fonda l\u2019entreprise en 1992. Depuis, l\u2019entreprise n\u2019a cess\u00e9 de prendre de l\u2019ampleur et elle compte maintenant une \u00e9quipe compl\u00e8te de designer pour r\u00e9pondre \u00e0 la demande grandissante pour nos services. Notre firme r\u00e9pond \u00e0 toutes les exigences requises et elle poss\u00e8de son num\u00e9ro d\u2019identification aux fins du Code du [&hellip;]\" \/>\n<meta property=\"og:url\" content=\"https:\/\/lavoiedesign.ca\/fr\/a-propos\/\" \/>\n<meta property=\"og:site_name\" content=\"Luc Lavoie Design\" \/>\n<meta property=\"article:modified_time\" content=\"2021-03-24T17:38:05+00:00\" \/>\n<meta property=\"og:image\" content=\"https:\/\/lavoiedesign.ca\/content\/user_files\/2014\/11\/OFFICE-BUILDING-FOR-ABOUT-US-300x254.jpg\" \/>\n<meta name=\"twitter:label1\" content=\"Dur\u00e9e de lecture estim\u00e9e\" \/>\n\t<meta name=\"twitter:data1\" content=\"2 minutes\" \/>\n<script type=\"application\/ld+json\" class=\"yoast-schema-graph\">{\"@context\":\"https:\\\/\\\/schema.org\",\"@graph\":[{\"@type\":\"WebPage\",\"@id\":\"https:\\\/\\\/lavoiedesign.ca\\\/fr\\\/a-propos\\\/\",\"url\":\"https:\\\/\\\/lavoiedesign.ca\\\/fr\\\/a-propos\\\/\",\"name\":\"\u00c0 propos - Luc Lavoie Design\",\"isPartOf\":{\"@id\":\"https:\\\/\\\/lavoiedesign.ca\\\/#website\"},\"primaryImageOfPage\":{\"@id\":\"https:\\\/\\\/lavoiedesign.ca\\\/fr\\\/a-propos\\\/#primaryimage\"},\"image\":{\"@id\":\"https:\\\/\\\/lavoiedesign.ca\\\/fr\\\/a-propos\\\/#primaryimage\"},\"thumbnailUrl\":\"https:\\\/\\\/lavoiedesign.ca\\\/content\\\/user_files\\\/2014\\\/11\\\/OFFICE-BUILDING-FOR-ABOUT-US-300x254.jpg\",\"datePublished\":\"2018-05-17T17:49:59+00:00\",\"dateModified\":\"2021-03-24T17:38:05+00:00\",\"breadcrumb\":{\"@id\":\"https:\\\/\\\/lavoiedesign.ca\\\/fr\\\/a-propos\\\/#breadcrumb\"},\"inLanguage\":\"fr-FR\",\"potentialAction\":[{\"@type\":\"ReadAction\",\"target\":[\"https:\\\/\\\/lavoiedesign.ca\\\/fr\\\/a-propos\\\/\"]}]},{\"@type\":\"ImageObject\",\"inLanguage\":\"fr-FR\",\"@id\":\"https:\\\/\\\/lavoiedesign.ca\\\/fr\\\/a-propos\\\/#primaryimage\",\"url\":\"https:\\\/\\\/lavoiedesign.ca\\\/content\\\/user_files\\\/2014\\\/11\\\/OFFICE-BUILDING-FOR-ABOUT-US-300x254.jpg\",\"contentUrl\":\"https:\\\/\\\/lavoiedesign.ca\\\/content\\\/user_files\\\/2014\\\/11\\\/OFFICE-BUILDING-FOR-ABOUT-US-300x254.jpg\"},{\"@type\":\"BreadcrumbList\",\"@id\":\"https:\\\/\\\/lavoiedesign.ca\\\/fr\\\/a-propos\\\/#breadcrumb\",\"itemListElement\":[{\"@type\":\"ListItem\",\"position\":1,\"name\":\"Home\",\"item\":\"https:\\\/\\\/lavoiedesign.ca\\\/\"},{\"@type\":\"ListItem\",\"position\":2,\"name\":\"\u00c0 propos\"}]},{\"@type\":\"WebSite\",\"@id\":\"https:\\\/\\\/lavoiedesign.ca\\\/#website\",\"url\":\"https:\\\/\\\/lavoiedesign.ca\\\/\",\"name\":\"Luc Lavoie Design\",\"description\":\"\",\"potentialAction\":[{\"@type\":\"SearchAction\",\"target\":{\"@type\":\"EntryPoint\",\"urlTemplate\":\"https:\\\/\\\/lavoiedesign.ca\\\/?s={search_term_string}\"},\"query-input\":{\"@type\":\"PropertyValueSpecification\",\"valueRequired\":true,\"valueName\":\"search_term_string\"}}],\"inLanguage\":\"fr-FR\"}]}<\/script>\n<!-- \/ Yoast SEO plugin. -->","yoast_head_json":{"title":"\u00c0 propos - Luc Lavoie Design","robots":{"index":"index","follow":"follow","max-snippet":"max-snippet:-1","max-image-preview":"max-image-preview:large","max-video-preview":"max-video-preview:-1"},"canonical":"https:\/\/lavoiedesign.ca\/fr\/a-propos\/","og_locale":"fr_FR","og_type":"article","og_title":"\u00c0 propos - Luc Lavoie Design","og_description":"Luc Lavoie, Designer Architectural Enregistr\u00e9 N.I.C.B., fonda l\u2019entreprise en 1992. Depuis, l\u2019entreprise n\u2019a cess\u00e9 de prendre de l\u2019ampleur et elle compte maintenant une \u00e9quipe compl\u00e8te de designer pour r\u00e9pondre \u00e0 la demande grandissante pour nos services. Notre firme r\u00e9pond \u00e0 toutes les exigences requises et elle poss\u00e8de son num\u00e9ro d\u2019identification aux fins du Code du [&hellip;]","og_url":"https:\/\/lavoiedesign.ca\/fr\/a-propos\/","og_site_name":"Luc Lavoie Design","article_modified_time":"2021-03-24T17:38:05+00:00","og_image":[{"url":"https:\/\/lavoiedesign.ca\/content\/user_files\/2014\/11\/OFFICE-BUILDING-FOR-ABOUT-US-300x254.jpg","type":"","width":"","height":""}],"twitter_misc":{"Dur\u00e9e de lecture estim\u00e9e":"2 minutes"},"schema":{"@context":"https:\/\/schema.org","@graph":[{"@type":"WebPage","@id":"https:\/\/lavoiedesign.ca\/fr\/a-propos\/","url":"https:\/\/lavoiedesign.ca\/fr\/a-propos\/","name":"\u00c0 propos - Luc Lavoie Design","isPartOf":{"@id":"https:\/\/lavoiedesign.ca\/#website"},"primaryImageOfPage":{"@id":"https:\/\/lavoiedesign.ca\/fr\/a-propos\/#primaryimage"},"image":{"@id":"https:\/\/lavoiedesign.ca\/fr\/a-propos\/#primaryimage"},"thumbnailUrl":"https:\/\/lavoiedesign.ca\/content\/user_files\/2014\/11\/OFFICE-BUILDING-FOR-ABOUT-US-300x254.jpg","datePublished":"2018-05-17T17:49:59+00:00","dateModified":"2021-03-24T17:38:05+00:00","breadcrumb":{"@id":"https:\/\/lavoiedesign.ca\/fr\/a-propos\/#breadcrumb"},"inLanguage":"fr-FR","potentialAction":[{"@type":"ReadAction","target":["https:\/\/lavoiedesign.ca\/fr\/a-propos\/"]}]},{"@type":"ImageObject","inLanguage":"fr-FR","@id":"https:\/\/lavoiedesign.ca\/fr\/a-propos\/#primaryimage","url":"https:\/\/lavoiedesign.ca\/content\/user_files\/2014\/11\/OFFICE-BUILDING-FOR-ABOUT-US-300x254.jpg","contentUrl":"https:\/\/lavoiedesign.ca\/content\/user_files\/2014\/11\/OFFICE-BUILDING-FOR-ABOUT-US-300x254.jpg"},{"@type":"BreadcrumbList","@id":"https:\/\/lavoiedesign.ca\/fr\/a-propos\/#breadcrumb","itemListElement":[{"@type":"ListItem","position":1,"name":"Home","item":"https:\/\/lavoiedesign.ca\/"},{"@type":"ListItem","position":2,"name":"\u00c0 propos"}]},{"@type":"WebSite","@id":"https:\/\/lavoiedesign.ca\/#website","url":"https:\/\/lavoiedesign.ca\/","name":"Luc Lavoie Design","description":"","potentialAction":[{"@type":"SearchAction","target":{"@type":"EntryPoint","urlTemplate":"https:\/\/lavoiedesign.ca\/?s={search_term_string}"},"query-input":{"@type":"PropertyValueSpecification","valueRequired":true,"valueName":"search_term_string"}}],"inLanguage":"fr-FR"}]}},"_links":{"self":[{"href":"https:\/\/lavoiedesign.ca\/fr\/wp-json\/wp\/v2\/pages\/926","targetHints":{"allow":["GET"]}}],"collection":[{"href":"https:\/\/lavoiedesign.ca\/fr\/wp-json\/wp\/v2\/pages"}],"about":[{"href":"https:\/\/lavoiedesign.ca\/fr\/wp-json\/wp\/v2\/types\/page"}],"author":[{"embeddable":true,"href":"https:\/\/lavoiedesign.ca\/fr\/wp-json\/wp\/v2\/users\/1"}],"replies":[{"embeddable":true,"href":"https:\/\/lavoiedesign.ca\/fr\/wp-json\/wp\/v2\/comments?post=926"}],"version-history":[{"count":5,"href":"https:\/\/lavoiedesign.ca\/fr\/wp-json\/wp\/v2\/pages\/926\/revisions"}],"predecessor-version":[{"id":1290,"href":"https:\/\/lavoiedesign.ca\/fr\/wp-json\/wp\/v2\/pages\/926\/revisions\/1290"}],"wp:attachment":[{"href":"https:\/\/lavoiedesign.ca\/fr\/wp-json\/wp\/v2\/media?parent=926"}],"curies":[{"name":"wp","href":"https:\/\/api.w.org\/{rel}","templated":true}]}}