{"id":922,"date":"2018-05-17T11:33:08","date_gmt":"2018-05-17T15:33:08","guid":{"rendered":"http:\/\/lavoiedesign.ca\/?page_id=922"},"modified":"2019-02-16T11:08:33","modified_gmt":"2019-02-16T16:08:33","slug":"contactez-nous","status":"publish","type":"page","link":"https:\/\/lavoiedesign.ca\/fr\/contactez-nous\/","title":{"rendered":"Contactez-nous"},"content":{"rendered":"<p>t\u00e9l: 613-443-3461<\/p>\n<p>info@lavoiedesign.ca<br \/>\n1047 rue Notre-Dame<br \/>\nEmbrun, ON<br \/>\nK0A 1W0 P.O. Box 928<\/p>\n<ul id=\"locations\">\n<li style=\"list-style-type: none;\"><\/li>\n<\/ul>\n<h3>Heures d&rsquo;\u00e9t\u00e9<\/h3>\n<p>Lundi au jeudi : 8h00 &#8211; 17h00<br \/>\nVendredi : 8h00 &#8211; 12h00<br \/>\nSamedi et dimanche : ferm\u00e9<\/p>\n<p><strong>* Nous offrons des rendez-vous de jour et de soir!<\/strong><\/p>\n<h3>Contactez-nous<\/h3>\n<script type=\"text\/javascript\">\n\/* <![CDATA[ *\/\nvar gform;gform||(document.addEventListener(\"gform_main_scripts_loaded\",function(){gform.scriptsLoaded=!0}),document.addEventListener(\"gform\/theme\/scripts_loaded\",function(){gform.themeScriptsLoaded=!0}),window.addEventListener(\"DOMContentLoaded\",function(){gform.domLoaded=!0}),gform={domLoaded:!1,scriptsLoaded:!1,themeScriptsLoaded:!1,isFormEditor:()=>\"function\"==typeof InitializeEditor,callIfLoaded:function(o){return!(!gform.domLoaded||!gform.scriptsLoaded||!gform.themeScriptsLoaded&&!gform.isFormEditor()||(gform.isFormEditor()&&console.warn(\"The use of gform.initializeOnLoaded() is deprecated in the form editor context and will be removed in Gravity Forms 3.1.\"),o(),0))},initializeOnLoaded:function(o){gform.callIfLoaded(o)||(document.addEventListener(\"gform_main_scripts_loaded\",()=>{gform.scriptsLoaded=!0,gform.callIfLoaded(o)}),document.addEventListener(\"gform\/theme\/scripts_loaded\",()=>{gform.themeScriptsLoaded=!0,gform.callIfLoaded(o)}),window.addEventListener(\"DOMContentLoaded\",()=>{gform.domLoaded=!0,gform.callIfLoaded(o)}))},hooks:{action:{},filter:{}},addAction:function(o,r,e,t){gform.addHook(\"action\",o,r,e,t)},addFilter:function(o,r,e,t){gform.addHook(\"filter\",o,r,e,t)},doAction:function(o){gform.doHook(\"action\",o,arguments)},applyFilters:function(o){return gform.doHook(\"filter\",o,arguments)},removeAction:function(o,r){gform.removeHook(\"action\",o,r)},removeFilter:function(o,r,e){gform.removeHook(\"filter\",o,r,e)},addHook:function(o,r,e,t,n){null==gform.hooks[o][r]&&(gform.hooks[o][r]=[]);var d=gform.hooks[o][r];null==n&&(n=r+\"_\"+d.length),gform.hooks[o][r].push({tag:n,callable:e,priority:t=null==t?10:t})},doHook:function(r,o,e){var t;if(e=Array.prototype.slice.call(e,1),null!=gform.hooks[r][o]&&((o=gform.hooks[r][o]).sort(function(o,r){return o.priority-r.priority}),o.forEach(function(o){\"function\"!=typeof(t=o.callable)&&(t=window[t]),\"action\"==r?t.apply(null,e):e[0]=t.apply(null,e)})),\"filter\"==r)return e[0]},removeHook:function(o,r,t,n){var e;null!=gform.hooks[o][r]&&(e=(e=gform.hooks[o][r]).filter(function(o,r,e){return!!(null!=n&&n!=o.tag||null!=t&&t!=o.priority)}),gform.hooks[o][r]=e)}});\n\/* ]]> *\/\n<\/script>\n\n                <div class='gf_browser_gecko gform_wrapper gform_legacy_markup_wrapper gform-theme--no-framework' data-form-theme='legacy' data-form-index='0' id='gform_wrapper_1' style='display:none'><form method='post' enctype='multipart\/form-data'  id='gform_1'  action='\/fr\/wp-json\/wp\/v2\/pages\/922' data-formid='1' novalidate><div class='gf_invisible ginput_recaptchav3' data-sitekey='6LfOmIsrAAAAAK5MOMhM0CIpem8zFw0rWrnama_n' data-tabindex='0'><input id=\"input_e517638e2a02b500dbd58385f459b548\" class=\"gfield_recaptcha_response\" type=\"hidden\" name=\"input_e517638e2a02b500dbd58385f459b548\" value=\"\"\/><\/div>\n                        <div class='gform-body gform_body'><ul id='gform_fields_1' class='gform_fields top_label form_sublabel_below description_below validation_below'><li id=\"field_1_10\" class=\"gfield gfield--type-text field_sublabel_below gfield--no-description field_description_below field_validation_below gfield_visibility_visible\"  ><label class='gfield_label gform-field-label' for='input_1_10'>Nom<\/label><div class='ginput_container ginput_container_text'><input name='input_10' id='input_1_10' type='text' value='' class='medium'      aria-invalid=\"false\"   \/><\/div><\/li><li id=\"field_1_2\" class=\"gfield gfield--type-phone field_sublabel_below gfield--no-description field_description_below field_validation_below gfield_visibility_visible\"  ><label class='gfield_label gform-field-label' for='input_1_2'>T\u00e9l\u00e9phone<\/label><div class='ginput_container ginput_container_phone'><input name='input_2' id='input_1_2' type='tel' value='' class='medium'    aria-invalid=\"false\"   \/><\/div><\/li><li id=\"field_1_3\" class=\"gfield gfield--type-email gfield_contains_required field_sublabel_below gfield--no-description field_description_below field_validation_below gfield_visibility_visible\"  ><label class='gfield_label gform-field-label' for='input_1_3'>Courriel<span class=\"gfield_required\"><span class=\"gfield_required gfield_required_asterisk\">*<\/span><\/span><\/label><div class='ginput_container ginput_container_email'>\n                            <input name='input_3' id='input_1_3' type='email' value='' class='medium'    aria-required=\"true\" aria-invalid=\"false\"  \/>\n                        <\/div><\/li><li id=\"field_1_4\" class=\"gfield gfield--type-radio gfield--type-choice field_sublabel_below gfield--no-description field_description_below field_validation_below gfield_visibility_visible\"  ><label class='gfield_label gform-field-label' >Qu&#039;est-ce que aimeriez-vous faire?<\/label><div class='ginput_container ginput_container_radio'><ul class='gfield_radio' id='input_1_4'>\n\t\t\t<li class='gchoice gchoice_1_4_0'>\n\t\t\t\t<input name='input_4' type='radio' value='Leave us a message' checked='checked' id='choice_1_4_0'    \/>\n\t\t\t\t<label for='choice_1_4_0' id='label_1_4_0' class='gform-field-label gform-field-label--type-inline'>Laissez-nous un message<\/label>\n\t\t\t<\/li>\n\t\t\t<li class='gchoice gchoice_1_4_1'>\n\t\t\t\t<input name='input_4' type='radio' value='Tell us more about your future project'  id='choice_1_4_1'    \/>\n\t\t\t\t<label for='choice_1_4_1' id='label_1_4_1' class='gform-field-label gform-field-label--type-inline'>Parlez-nous de votre futur projet<\/label>\n\t\t\t<\/li><\/ul><\/div><\/li><li id=\"field_1_5\" class=\"gfield gfield--type-textarea field_sublabel_below gfield--no-description field_description_below field_validation_below gfield_visibility_visible\"  ><label class='gfield_label gform-field-label' for='input_1_5'>Message<\/label><div class='ginput_container ginput_container_textarea'><textarea name='input_5' id='input_1_5' class='textarea medium'      aria-invalid=\"false\"   rows='10' cols='50'><\/textarea><\/div><\/li><li id=\"field_1_6\" class=\"gfield gfield--type-checkbox gfield--type-choice field_sublabel_below gfield--no-description field_description_below field_validation_below gfield_visibility_visible\"  ><label class='gfield_label gform-field-label gfield_label_before_complex' >Type de projet<\/label><div class='ginput_container ginput_container_checkbox'><ul class='gfield_checkbox' id='input_1_6'><li class='gchoice gchoice_1_6_1'>\n\t\t\t\t\t\t\t\t<input class='gfield-choice-input' name='input_6.1' type='checkbox'  value='Custom Homes (House Plans)'  id='choice_1_6_1'   \/>\n\t\t\t\t\t\t\t\t<label for='choice_1_6_1' id='label_1_6_1' class='gform-field-label gform-field-label--type-inline'>Maisons construites sur mesure (plans de maison)<\/label>\n\t\t\t\t\t\t\t<\/li><li class='gchoice gchoice_1_6_2'>\n\t\t\t\t\t\t\t\t<input class='gfield-choice-input' name='input_6.2' type='checkbox'  value='Additions Plans &amp; Renovations Plans'  id='choice_1_6_2'   \/>\n\t\t\t\t\t\t\t\t<label for='choice_1_6_2' id='label_1_6_2' class='gform-field-label gform-field-label--type-inline'>Plans de r\u00e9novation et rajouts<\/label>\n\t\t\t\t\t\t\t<\/li><li class='gchoice gchoice_1_6_3'>\n\t\t\t\t\t\t\t\t<input class='gfield-choice-input' name='input_6.3' type='checkbox'  value='Small Commercial Buildings &amp; Multi-family'  id='choice_1_6_3'   \/>\n\t\t\t\t\t\t\t\t<label for='choice_1_6_3' id='label_1_6_3' class='gform-field-label gform-field-label--type-inline'>Petits immeubles commerciaux et logements multifamiliaux<\/label>\n\t\t\t\t\t\t\t<\/li><li class='gchoice gchoice_1_6_4'>\n\t\t\t\t\t\t\t\t<input class='gfield-choice-input' name='input_6.4' type='checkbox'  value='Accessory Buildings &amp; Structures'  id='choice_1_6_4'   \/>\n\t\t\t\t\t\t\t\t<label for='choice_1_6_4' id='label_1_6_4' class='gform-field-label gform-field-label--type-inline'>B\u00e2timents et structures accessoires<\/label>\n\t\t\t\t\t\t\t<\/li><li class='gchoice gchoice_1_6_5'>\n\t\t\t\t\t\t\t\t<input class='gfield-choice-input' name='input_6.5' type='checkbox'  value='In-law Suites &amp; Secondary Dwelling'  id='choice_1_6_5'   \/>\n\t\t\t\t\t\t\t\t<label for='choice_1_6_5' id='label_1_6_5' class='gform-field-label gform-field-label--type-inline'>Appartement interg\u00e9n\u00e9rationnel et logement secondaire attenant<\/label>\n\t\t\t\t\t\t\t<\/li><li class='gchoice gchoice_1_6_6'>\n\t\t\t\t\t\t\t\t<input class='gfield-choice-input' name='input_6.6' type='checkbox'  value='Planning &amp; Permit Applications'  id='choice_1_6_6'   \/>\n\t\t\t\t\t\t\t\t<label for='choice_1_6_6' id='label_1_6_6' class='gform-field-label gform-field-label--type-inline'>Planification et demande d\u2019am\u00e9nagement <\/label>\n\t\t\t\t\t\t\t<\/li><li class='gchoice gchoice_1_6_7'>\n\t\t\t\t\t\t\t\t<input class='gfield-choice-input' name='input_6.7' type='checkbox'  value='3Ds &amp; Concept'  id='choice_1_6_7'   \/>\n\t\t\t\t\t\t\t\t<label for='choice_1_6_7' id='label_1_6_7' class='gform-field-label gform-field-label--type-inline'>3D et concept<\/label>\n\t\t\t\t\t\t\t<\/li><li class='gchoice gchoice_1_6_8'>\n\t\t\t\t\t\t\t\t<input class='gfield-choice-input' name='input_6.8' type='checkbox'  value='Miscellaneous'  id='choice_1_6_8'   \/>\n\t\t\t\t\t\t\t\t<label for='choice_1_6_8' id='label_1_6_8' class='gform-field-label gform-field-label--type-inline'>Projets divers<\/label>\n\t\t\t\t\t\t\t<\/li><\/ul><\/div><\/li><li id=\"field_1_7\" class=\"gfield gfield--type-text field_sublabel_below gfield--no-description field_description_below field_validation_below gfield_visibility_visible\"  ><label class='gfield_label gform-field-label' for='input_1_7'>Lieu du projet<\/label><div class='ginput_container ginput_container_text'><input name='input_7' id='input_1_7' type='text' value='' class='medium'      aria-invalid=\"false\"   \/><\/div><\/li><li id=\"field_1_8\" class=\"gfield gfield--type-textarea field_sublabel_below gfield--no-description field_description_below field_validation_below gfield_visibility_visible\"  ><label class='gfield_label gform-field-label' for='input_1_8'>D\u00e9tails du projet<\/label><div class='ginput_container ginput_container_textarea'><textarea name='input_8' id='input_1_8' class='textarea medium'      aria-invalid=\"false\"   rows='10' cols='50'><\/textarea><\/div><\/li><li id=\"field_1_9\" class=\"gfield gfield--type-fileupload field_sublabel_below gfield--no-description field_description_below field_validation_below gfield_visibility_visible\"  ><label class='gfield_label gform-field-label' for='input_1_9'> oindre un fichier<\/label><div class='ginput_container ginput_container_fileupload'><input type='hidden' name='MAX_FILE_SIZE' value='8388608' \/><input name='input_9' id='input_1_9' type='file' class='medium' aria-describedby=\"gfield_upload_rules_1_9\" onchange='javascript:gformValidateFileSize( this, 8388608 );'  \/><span class='gfield_description gform_fileupload_rules' id='gfield_upload_rules_1_9'>Taille max. des fichiers\u00a0: 8 MB.<\/span><div class='gfield_description validation_message gfield_validation_message validation_message--hidden-on-empty' id='live_validation_message_1_9'><\/div> <\/div><\/li><\/ul><\/div>\n        <div class='gform-footer gform_footer top_label'> <input type='submit' id='gform_submit_button_1' class='gform_button button' onclick='gform.submission.handleButtonClick(this);' data-submission-type='submit' value='Soumettre'  \/> \n            <input type='hidden' class='gform_hidden' name='gform_submission_method' data-js='gform_submission_method_1' value='postback' \/>\n            <input type='hidden' class='gform_hidden' name='gform_theme' data-js='gform_theme_1' id='gform_theme_1' value='legacy' \/>\n            <input type='hidden' class='gform_hidden' name='gform_style_settings' data-js='gform_style_settings_1' id='gform_style_settings_1' value='[]' \/>\n            <input type='hidden' class='gform_hidden' name='is_submit_1' value='1' \/>\n            <input type='hidden' class='gform_hidden' name='gform_submit' value='1' \/>\n            \n            <input type='hidden' class='gform_hidden' name='gform_currency' data-currency='USD' value='m1DwZUVsnZFLRuJpecUzoKAUg6OHxbyGn63qSet6dxmjChVNjcbGBDJJlSZRA2iZdhKDEAcHpGQKiLtaJgiMygvXktbsQ4ccRo8H0Ll9CBL5QAA=' \/>\n            <input type='hidden' class='gform_hidden' name='gform_unique_id' value='' \/>\n            <input type='hidden' class='gform_hidden' name='state_1' value='WyJbXSIsImZlZTQ5Y2NlNzcxYTU4ODJhNzQ4YmU0ZmZhMDE5NzUxIl0=' \/>\n            <input type='hidden' autocomplete='off' class='gform_hidden' name='gform_target_page_number_1' id='gform_target_page_number_1' value='0' \/>\n            <input type='hidden' autocomplete='off' class='gform_hidden' name='gform_source_page_number_1' id='gform_source_page_number_1' value='1' \/>\n            <input type='hidden' name='gform_field_values' value='' \/>\n            \n        <\/div>\n                        <\/form>\n                        <\/div><script type=\"text\/javascript\">\n\/* <![CDATA[ *\/\n gform.initializeOnLoaded( function() {gformInitSpinner( 1, 'https:\/\/lavoiedesign.ca\/wp-content\/plugins\/gravityforms\/images\/spinner.svg', true );jQuery('#gform_ajax_frame_1').on('load',function(){var contents = jQuery(this).contents().find('*').html();var is_postback = contents.indexOf('GF_AJAX_POSTBACK') >= 0;if(!is_postback){return;}var form_content = jQuery(this).contents().find('#gform_wrapper_1');var is_confirmation = jQuery(this).contents().find('#gform_confirmation_wrapper_1').length > 0;var is_redirect = contents.indexOf('gformRedirect(){') >= 0;var is_form = form_content.length > 0 && ! is_redirect && ! is_confirmation;var mt = parseInt(jQuery('html').css('margin-top'), 10) + parseInt(jQuery('body').css('margin-top'), 10) + 100;if(is_form){form_content.find('form').css('opacity', 0);jQuery('#gform_wrapper_1').html(form_content.html());if(form_content.hasClass('gform_validation_error')){jQuery('#gform_wrapper_1').addClass('gform_validation_error');} else {jQuery('#gform_wrapper_1').removeClass('gform_validation_error');}setTimeout( function() { \/* delay the scroll by 50 milliseconds to fix a bug in chrome *\/  }, 50 );if(window['gformInitDatepicker']) {gformInitDatepicker();}if(window['gformInitPriceFields']) {gformInitPriceFields();}var current_page = jQuery('#gform_source_page_number_1').val();gformInitSpinner( 1, 'https:\/\/lavoiedesign.ca\/wp-content\/plugins\/gravityforms\/images\/spinner.svg', true );jQuery(document).trigger('gform_page_loaded', [1, current_page]);window['gf_submitting_1'] = false;}else if(!is_redirect){var confirmation_content = jQuery(this).contents().find('.GF_AJAX_POSTBACK').html();if(!confirmation_content){confirmation_content = contents;}jQuery('#gform_wrapper_1').replaceWith(confirmation_content);jQuery(document).trigger('gform_confirmation_loaded', [1]);window['gf_submitting_1'] = false;wp.a11y.speak(jQuery('#gform_confirmation_message_1').text());}else{jQuery('#gform_1').append(contents);if(window['gformRedirect']) {gformRedirect();}}jQuery(document).trigger(\"gform_pre_post_render\", [{ formId: \"1\", currentPage: \"current_page\", abort: function() { this.preventDefault(); } }]);        if (event && event.defaultPrevented) {                return;        }        const gformWrapperDiv = document.getElementById( \"gform_wrapper_1\" );        if ( gformWrapperDiv ) {            const visibilitySpan = document.createElement( \"span\" );            visibilitySpan.id = \"gform_visibility_test_1\";            gformWrapperDiv.insertAdjacentElement( \"afterend\", visibilitySpan );        }        const visibilityTestDiv = document.getElementById( \"gform_visibility_test_1\" );        let postRenderFired = false;        function triggerPostRender() {            if ( postRenderFired ) {                return;            }            postRenderFired = true;            gform.core.triggerPostRenderEvents( 1, current_page );            if ( visibilityTestDiv ) {                visibilityTestDiv.parentNode.removeChild( visibilityTestDiv );            }        }        function debounce( func, wait, immediate ) {            var timeout;            return function() {                var context = this, args = arguments;                var later = function() {                    timeout = null;                    if ( !immediate ) func.apply( context, args );                };                var callNow = immediate && !timeout;                clearTimeout( timeout );                timeout = setTimeout( later, wait );                if ( callNow ) func.apply( context, args );            };        }        const debouncedTriggerPostRender = debounce( function() {            triggerPostRender();        }, 200 );        if ( visibilityTestDiv && visibilityTestDiv.offsetParent === null ) {            const observer = new MutationObserver( ( mutations ) => {                mutations.forEach( ( mutation ) => {                    if ( mutation.type === 'attributes' && visibilityTestDiv.offsetParent !== null ) {                        debouncedTriggerPostRender();                        observer.disconnect();                    }                });            });            observer.observe( document.body, {                attributes: true,                childList: false,                subtree: true,                attributeFilter: [ 'style', 'class' ],            });        } else {            triggerPostRender();        }    } );} ); \n\/* ]]> *\/\n<\/script>\n\n","protected":false},"excerpt":{"rendered":"<p>t\u00e9l: 613-443-3461 info@lavoiedesign.ca 1047 rue Notre-Dame Embrun, ON K0A 1W0 P.O. Box 928 Heures d&rsquo;\u00e9t\u00e9 Lundi au jeudi : 8h00 &#8211; 17h00 Vendredi : 8h00 &#8211; 12h00 Samedi et dimanche : ferm\u00e9 * Nous offrons des rendez-vous de jour et de soir! Contactez-nous<\/p>\n","protected":false},"author":1,"featured_media":0,"parent":0,"menu_order":0,"comment_status":"closed","ping_status":"closed","template":"page-fullwidth.php","meta":{"footnotes":""},"class_list":["post-922","page","type-page","status-publish","hentry"],"yoast_head":"<!-- This site is optimized with the Yoast SEO plugin v27.5 - https:\/\/yoast.com\/product\/yoast-seo-wordpress\/ -->\n<title>Contactez-nous - Luc Lavoie Design<\/title>\n<meta name=\"robots\" content=\"index, follow, max-snippet:-1, max-image-preview:large, max-video-preview:-1\" \/>\n<link rel=\"canonical\" href=\"https:\/\/lavoiedesign.ca\/fr\/contactez-nous\/\" \/>\n<meta property=\"og:locale\" content=\"fr_FR\" \/>\n<meta property=\"og:type\" content=\"article\" \/>\n<meta property=\"og:title\" content=\"Contactez-nous - Luc Lavoie Design\" \/>\n<meta property=\"og:description\" content=\"t\u00e9l: 613-443-3461 info@lavoiedesign.ca 1047 rue Notre-Dame Embrun, ON K0A 1W0 P.O. Box 928 Heures d&rsquo;\u00e9t\u00e9 Lundi au jeudi : 8h00 &#8211; 17h00 Vendredi : 8h00 &#8211; 12h00 Samedi et dimanche : ferm\u00e9 * Nous offrons des rendez-vous de jour et de soir! Contactez-nous\" \/>\n<meta property=\"og:url\" content=\"https:\/\/lavoiedesign.ca\/fr\/contactez-nous\/\" \/>\n<meta property=\"og:site_name\" content=\"Luc Lavoie Design\" \/>\n<meta property=\"article:modified_time\" content=\"2019-02-16T16:08:33+00:00\" \/>\n<script type=\"application\/ld+json\" class=\"yoast-schema-graph\">{\"@context\":\"https:\\\/\\\/schema.org\",\"@graph\":[{\"@type\":\"WebPage\",\"@id\":\"https:\\\/\\\/lavoiedesign.ca\\\/fr\\\/contactez-nous\\\/\",\"url\":\"https:\\\/\\\/lavoiedesign.ca\\\/fr\\\/contactez-nous\\\/\",\"name\":\"Contactez-nous - Luc Lavoie Design\",\"isPartOf\":{\"@id\":\"https:\\\/\\\/lavoiedesign.ca\\\/#website\"},\"datePublished\":\"2018-05-17T15:33:08+00:00\",\"dateModified\":\"2019-02-16T16:08:33+00:00\",\"breadcrumb\":{\"@id\":\"https:\\\/\\\/lavoiedesign.ca\\\/fr\\\/contactez-nous\\\/#breadcrumb\"},\"inLanguage\":\"fr-FR\",\"potentialAction\":[{\"@type\":\"ReadAction\",\"target\":[\"https:\\\/\\\/lavoiedesign.ca\\\/fr\\\/contactez-nous\\\/\"]}]},{\"@type\":\"BreadcrumbList\",\"@id\":\"https:\\\/\\\/lavoiedesign.ca\\\/fr\\\/contactez-nous\\\/#breadcrumb\",\"itemListElement\":[{\"@type\":\"ListItem\",\"position\":1,\"name\":\"Home\",\"item\":\"https:\\\/\\\/lavoiedesign.ca\\\/\"},{\"@type\":\"ListItem\",\"position\":2,\"name\":\"Contactez-nous\"}]},{\"@type\":\"WebSite\",\"@id\":\"https:\\\/\\\/lavoiedesign.ca\\\/#website\",\"url\":\"https:\\\/\\\/lavoiedesign.ca\\\/\",\"name\":\"Luc Lavoie Design\",\"description\":\"\",\"potentialAction\":[{\"@type\":\"SearchAction\",\"target\":{\"@type\":\"EntryPoint\",\"urlTemplate\":\"https:\\\/\\\/lavoiedesign.ca\\\/?s={search_term_string}\"},\"query-input\":{\"@type\":\"PropertyValueSpecification\",\"valueRequired\":true,\"valueName\":\"search_term_string\"}}],\"inLanguage\":\"fr-FR\"}]}<\/script>\n<!-- \/ Yoast SEO plugin. -->","yoast_head_json":{"title":"Contactez-nous - Luc Lavoie Design","robots":{"index":"index","follow":"follow","max-snippet":"max-snippet:-1","max-image-preview":"max-image-preview:large","max-video-preview":"max-video-preview:-1"},"canonical":"https:\/\/lavoiedesign.ca\/fr\/contactez-nous\/","og_locale":"fr_FR","og_type":"article","og_title":"Contactez-nous - Luc Lavoie Design","og_description":"t\u00e9l: 613-443-3461 info@lavoiedesign.ca 1047 rue Notre-Dame Embrun, ON K0A 1W0 P.O. Box 928 Heures d&rsquo;\u00e9t\u00e9 Lundi au jeudi : 8h00 &#8211; 17h00 Vendredi : 8h00 &#8211; 12h00 Samedi et dimanche : ferm\u00e9 * Nous offrons des rendez-vous de jour et de soir! Contactez-nous","og_url":"https:\/\/lavoiedesign.ca\/fr\/contactez-nous\/","og_site_name":"Luc Lavoie Design","article_modified_time":"2019-02-16T16:08:33+00:00","schema":{"@context":"https:\/\/schema.org","@graph":[{"@type":"WebPage","@id":"https:\/\/lavoiedesign.ca\/fr\/contactez-nous\/","url":"https:\/\/lavoiedesign.ca\/fr\/contactez-nous\/","name":"Contactez-nous - Luc Lavoie Design","isPartOf":{"@id":"https:\/\/lavoiedesign.ca\/#website"},"datePublished":"2018-05-17T15:33:08+00:00","dateModified":"2019-02-16T16:08:33+00:00","breadcrumb":{"@id":"https:\/\/lavoiedesign.ca\/fr\/contactez-nous\/#breadcrumb"},"inLanguage":"fr-FR","potentialAction":[{"@type":"ReadAction","target":["https:\/\/lavoiedesign.ca\/fr\/contactez-nous\/"]}]},{"@type":"BreadcrumbList","@id":"https:\/\/lavoiedesign.ca\/fr\/contactez-nous\/#breadcrumb","itemListElement":[{"@type":"ListItem","position":1,"name":"Home","item":"https:\/\/lavoiedesign.ca\/"},{"@type":"ListItem","position":2,"name":"Contactez-nous"}]},{"@type":"WebSite","@id":"https:\/\/lavoiedesign.ca\/#website","url":"https:\/\/lavoiedesign.ca\/","name":"Luc Lavoie Design","description":"","potentialAction":[{"@type":"SearchAction","target":{"@type":"EntryPoint","urlTemplate":"https:\/\/lavoiedesign.ca\/?s={search_term_string}"},"query-input":{"@type":"PropertyValueSpecification","valueRequired":true,"valueName":"search_term_string"}}],"inLanguage":"fr-FR"}]}},"_links":{"self":[{"href":"https:\/\/lavoiedesign.ca\/fr\/wp-json\/wp\/v2\/pages\/922","targetHints":{"allow":["GET"]}}],"collection":[{"href":"https:\/\/lavoiedesign.ca\/fr\/wp-json\/wp\/v2\/pages"}],"about":[{"href":"https:\/\/lavoiedesign.ca\/fr\/wp-json\/wp\/v2\/types\/page"}],"author":[{"embeddable":true,"href":"https:\/\/lavoiedesign.ca\/fr\/wp-json\/wp\/v2\/users\/1"}],"replies":[{"embeddable":true,"href":"https:\/\/lavoiedesign.ca\/fr\/wp-json\/wp\/v2\/comments?post=922"}],"version-history":[{"count":4,"href":"https:\/\/lavoiedesign.ca\/fr\/wp-json\/wp\/v2\/pages\/922\/revisions"}],"predecessor-version":[{"id":1272,"href":"https:\/\/lavoiedesign.ca\/fr\/wp-json\/wp\/v2\/pages\/922\/revisions\/1272"}],"wp:attachment":[{"href":"https:\/\/lavoiedesign.ca\/fr\/wp-json\/wp\/v2\/media?parent=922"}],"curies":[{"name":"wp","href":"https:\/\/api.w.org\/{rel}","templated":true}]}}